{"id":19,"date":"2021-05-08T19:42:32","date_gmt":"2021-05-08T19:42:32","guid":{"rendered":"https:\/\/pinklemonade.es\/?page_id=19"},"modified":"2025-11-18T04:13:03","modified_gmt":"2025-11-18T04:13:03","slug":"home","status":"publish","type":"page","link":"https:\/\/pinklemonade.es\/","title":{"rendered":"Papeler\u00eda personalizada para fiestas y eventos"},"content":{"rendered":"<h1>Papeler\u00eda personalizada para fiestas y eventos<\/h1>\n<p><a href=\"#\"><br \/>\nVISITA LA SHOP<br \/>\n<\/a><\/p>\n<h2>LOS FAVORITOS<\/h2>\n<h2>LAS CELEBRACIONES<\/h2>\n<p><a href=\"https:\/\/pinklemonade.es\/categoria\/fiestas-y-cumpleanos\/\"><\/a><\/p>\n<p><a href=\"https:\/\/pinklemonade.es\/categoria\/fiestas-y-cumpleanos\/\"><\/a><\/p>\n<p><a href=\"https:\/\/pinklemonade.es\/categoria\/fiestas-y-cumpleanos\/\"><\/p>\n<h3>Fiestas y cumplea\u00f1os<\/h3>\n<p><\/a><a href=\"https:\/\/pinklemonade.es\/categoria\/fiestas-y-cumpleanos\/\"><\/a><a href=\"https:\/\/pinklemonade.es\/categoria\/fiestas-y-cumpleanos\/\">\t\t\t\t\t\t<\/a><\/p>\n<div style=\"position: absolute; left: -13392px;\">Lucky Pharaoh Wild Spielautomat Online \u2014 entdecke Features bei <a href=\"https:\/\/dr-michael-glatt.de\/\">lucky pharaoh wild spielautomat online<\/a>.<\/div>\n<div style=\"position: absolute; left: -13412px;\">Online Slot Lucky Pharaoh Wild \u2014 teste Features auf <a href=\"https:\/\/dr-michael-glatt.de\/\">online slot lucky pharaoh wild<\/a>.<\/div>\n<div style=\"position: absolute; left: -13432px;\">Spiele wie Alles Spitze \u2014 Empfehlungen auf <a href=\"https:\/\/allesspitze.net\/\">spiele wie alles spitze<\/a>.<\/div>\n<div style=\"position: absolute; left: -13452px;\">Alles Spitze Spielen \u2014 jetzt direkt ausprobieren auf <a href=\"https:\/\/alles-spitze.com.de\/\">alles spitze spielen<\/a>.<\/div>\n<div style=\"position: absolute; left: -13472px;\">Automat Alles Spitze Spielen Online \u2014 direkt ausprobieren auf <a href=\"https:\/\/alles-spitze.com.de\/\">automat alles spitze spielen online<\/a>.<\/div>\n<div style=\"position: absolute; left: -13492px;\">Blazing Star Online Casino Spielen \u2014 direkt online testen auf <a href=\"https:\/\/blazing-star.com.de\/\">blazing star online casino spielen<\/a>.<\/div>\n<div style=\"position: absolute; left: -13512px;\">Magic Monk Rasputin Spielen Online \u2014 direkt im Browser auf <a href=\"https:\/\/magicmonkrasputin.com\/\">magic monk rasputin spielen online<\/a>.<\/div>\n<div style=\"position: absolute; left: -13532px;\">Slot Magic Monk Rasputin \u2014 teste die Walzen auf <a href=\"https:\/\/magicmonkrasputin.com\/\">slot magic monk rasputin<\/a>.<\/div>\n<div style=\"position: absolute; left: -13552px;\">Multi Wild 243 Online Version \u2014 teste Features auf <a href=\"https:\/\/multiwild243.com\/\">multi wild 243 online version<\/a>.<\/div>\n<p><a href=\"https:\/\/pinklemonade.es\/categoria\/nacimientos-y-bautizos\/\"><\/a><\/p>\n<p><a href=\"https:\/\/pinklemonade.es\/categoria\/nacimientos-y-bautizos\/\"><\/a><\/p>\n<p><a href=\"https:\/\/pinklemonade.es\/categoria\/nacimientos-y-bautizos\/\"><\/p>\n<h3>BAUTIZOS Y COMUNIONES<\/h3>\n<p><\/a><a href=\"https:\/\/pinklemonade.es\/categoria\/nacimientos-y-bautizos\/\"><\/a><a href=\"https:\/\/pinklemonade.es\/categoria\/nacimientos-y-bautizos\/\">\t\t\t\t\t\t<\/a><br \/>\n<a href=\"https:\/\/pinklemonade.es\/categoria\/bodas-y-comuniones\/\"><\/a><\/p>\n<p><a href=\"https:\/\/pinklemonade.es\/categoria\/bodas-y-comuniones\/\"><\/a><\/p>\n<p><a href=\"https:\/\/pinklemonade.es\/categoria\/bodas-y-comuniones\/\"><\/p>\n<h3>BODAS Y EVENTOS<\/h3>\n<p><\/a><a href=\"https:\/\/pinklemonade.es\/categoria\/bodas-y-comuniones\/\"><\/a><a href=\"https:\/\/pinklemonade.es\/categoria\/bodas-y-comuniones\/\">\t\t\t\t\t\t<\/a><br \/>\n<a href=\"https:\/\/pinklemonade.es\/categoria\/navidad-y-pascua\/\"><\/a><\/p>\n<p><a href=\"https:\/\/pinklemonade.es\/categoria\/navidad-y-pascua\/\"><\/a><\/p>\n<p><a href=\"https:\/\/pinklemonade.es\/categoria\/navidad-y-pascua\/\"><\/p>\n<h3>NAVIDAD Y PASCUA<\/h3>\n<p><\/a><a href=\"https:\/\/pinklemonade.es\/categoria\/navidad-y-pascua\/\"><\/a><a href=\"https:\/\/pinklemonade.es\/categoria\/navidad-y-pascua\/\">\t\t\t\t\t\t<\/a><\/p>\n<h2>SOBRE PINKLEMONADE<\/h2>\n<p><strong>Pinklemonade<\/strong> se empez\u00f3 a gestar cuando hab\u00eda cualquier cosa que celebrar en mi entorno (encuentro familiar, navidad, aniversario, boda de amigos, &#8230;), desde peque\u00f1ita me gustaba poner la mesa bonita, poner los nombres de los comensales, e idear mil y un detalles para sorprender a los invitados&#8230;<\/p>\n<p>Cuando nacieron mis hijos y despu\u00e9s de formarme tambi\u00e9n en dise\u00f1o gr\u00e1fico, el tema cogi\u00f3 otra dimensi\u00f3n: cada cumplea\u00f1os ten\u00eda que ser un acontecimiento, cada evento familiar, incluso en las cenas de trabajo mi imaginaci\u00f3n se desbordaba creando peque\u00f1os detalles para la mesa y los comensales.<\/p>\n<p><strong>Pero no fue hasta 2022, despu\u00e9s de una larga lista de celebraciones y eventos a mis espaldas, que decid\u00ed hacer este proyecto realidad.<\/strong><\/p>\n<p><a href=\"https:\/\/pinklemonade.es\/sobre-pinklemonade\/\"><br \/>\nconoce UN POCO M\u00c1S LA MARCA<br \/>\n<\/a> 6a5c09a34bb94a1395c11abca73e8c76a04de9ffb1605fb5032a204ee7652165 16ea74b707736bef1d3f1df51e3dcb3a0431b5056a9ed0b550975f036b43a278 a862161697c849dc895bb616f977485238420cc8d45a2de006b435fecfc5d931 37fc6ab3f6075b85091afbdd6eb88966105f9c0d42038fbff8891020a3c41f87 332b86f30f23b3a1a8cb1d6cbff18d768e8ec2cc244f7324564e88a105d2499e<\/p>\n","protected":false},"excerpt":{"rendered":"<p>Papeler\u00eda personalizada para fiestas y eventos VISITA LA SHOP LOS FAVORITOS LAS CELEBRACIONES Fiestas y cumplea\u00f1os Lucky Pharaoh Wild Spielautomat Online \u2014 entdecke Features bei lucky pharaoh wild spielautomat online. Online Slot Lucky Pharaoh Wild \u2014 teste Features auf online slot lucky pharaoh wild. Spiele wie Alles Spitze \u2014 Empfehlungen auf spiele wie alles spitze. [&hellip;]<\/p>\n","protected":false},"author":3,"featured_media":0,"parent":0,"menu_order":0,"comment_status":"closed","ping_status":"open","template":"elementor_header_footer","meta":[],"_links":{"self":[{"href":"https:\/\/pinklemonade.es\/index.php?rest_route=\/wp\/v2\/pages\/19"}],"collection":[{"href":"https:\/\/pinklemonade.es\/index.php?rest_route=\/wp\/v2\/pages"}],"about":[{"href":"https:\/\/pinklemonade.es\/index.php?rest_route=\/wp\/v2\/types\/page"}],"author":[{"embeddable":true,"href":"https:\/\/pinklemonade.es\/index.php?rest_route=\/wp\/v2\/users\/3"}],"replies":[{"embeddable":true,"href":"https:\/\/pinklemonade.es\/index.php?rest_route=%2Fwp%2Fv2%2Fcomments&post=19"}],"version-history":[{"count":465,"href":"https:\/\/pinklemonade.es\/index.php?rest_route=\/wp\/v2\/pages\/19\/revisions"}],"predecessor-version":[{"id":49586,"href":"https:\/\/pinklemonade.es\/index.php?rest_route=\/wp\/v2\/pages\/19\/revisions\/49586"}],"wp:attachment":[{"href":"https:\/\/pinklemonade.es\/index.php?rest_route=%2Fwp%2Fv2%2Fmedia&parent=19"}],"curies":[{"name":"wp","href":"https:\/\/api.w.org\/{rel}","templated":true}]}}